{"id":6742,"date":"2024-02-06T14:33:28","date_gmt":"2024-02-06T12:33:28","guid":{"rendered":"https:\/\/visitoulu.fi\/?page_id=6742"},"modified":"2024-02-06T14:38:06","modified_gmt":"2024-02-06T12:38:06","slug":"store-project","status":"publish","type":"page","link":"https:\/\/visitoulufi-2025-10-14_10_27_17.test.cchosting.fi\/en\/store-project\/","title":{"rendered":"Smart and Innovative Tourism in the Oulu Region (STORe)"},"content":{"rendered":"<p><\/p>\n\n\n\n<figure class=\"wp-block-pullquote\"><blockquote><p>The vision of the Smart and Transformative Oulu Region (STORe) group project is to meet the challenges of sustainable tourism development and to make the Oulu region a significant international pioneer of sustainable tourism in Europe.&nbsp;<\/p><\/blockquote><\/figure>\n\n\n\n<p><\/p>\n\n\n\n<p><\/p>","protected":false},"excerpt":{"rendered":"<p>\u00c4lyk\u00e4s ja uudistava matkailu Oulun seudulla (Smart and Transformative Oulu Region), STORe -ryhm\u00e4hankkeen visiona on vastata kest\u00e4v\u00e4n matkailun kehitt\u00e4misen haasteisiin ja nostaa Oulun seutu merkitt\u00e4v\u00e4ksi kansainv\u00e4liseksi kest\u00e4v\u00e4n matkailun edell\u00e4k\u00e4vij\u00e4ksi Euroopassa.&nbsp; [&#8230;]<\/p>\n<p><a class=\"btn btn-secondary understrap-read-more-link\" href=\"https:\/\/visitoulufi-2025-10-14_10_27_17.test.cchosting.fi\/en\/store-project\/\">Read More&#8230;<span class=\"screen-reader-text\"> from \u00c4lyk\u00e4s ja uudistava matkailu Oulun seudulla (STORe)<\/span><\/a><\/p>","protected":false},"author":16,"featured_media":0,"parent":0,"menu_order":0,"comment_status":"closed","ping_status":"closed","template":"","meta":{"_acf_changed":false,"content-type":"","footnotes":""},"coauthors":[170],"class_list":["post-6742","page","type-page","status-publish","hentry"],"acf":[],"yoast_head":"<!-- This site is optimized with the Yoast SEO plugin v26.0 - https:\/\/yoast.com\/wordpress\/plugins\/seo\/ -->\n<title>\u00c4lyk\u00e4s ja uudistava matkailu Oulun seudulla (STORe) - Visit Oulu<\/title>\n<meta name=\"robots\" content=\"index, follow, max-snippet:-1, max-image-preview:large, max-video-preview:-1\" \/>\n<link rel=\"canonical\" href=\"https:\/\/visitoulufi-2025-10-14_10_27_17.test.cchosting.fi\/en\/store-project\/\" \/>\n<meta property=\"og:locale\" content=\"en_US\" \/>\n<meta property=\"og:type\" content=\"article\" \/>\n<meta property=\"og:title\" content=\"\u00c4lyk\u00e4s ja uudistava matkailu Oulun seudulla (STORe) - Visit Oulu\" \/>\n<meta property=\"og:description\" content=\"\u00c4lyk\u00e4s ja uudistava matkailu Oulun seudulla (Smart and Transformative Oulu Region), STORe -ryhm\u00e4hankkeen visiona on vastata kest\u00e4v\u00e4n matkailun kehitt\u00e4misen haasteisiin ja nostaa Oulun seutu merkitt\u00e4v\u00e4ksi kansainv\u00e4liseksi kest\u00e4v\u00e4n matkailun edell\u00e4k\u00e4vij\u00e4ksi Euroopassa.&nbsp; [...]Read More... from \u00c4lyk\u00e4s ja uudistava matkailu Oulun seudulla (STORe)\" \/>\n<meta property=\"og:url\" content=\"https:\/\/visitoulufi-2025-10-14_10_27_17.test.cchosting.fi\/en\/store-project\/\" \/>\n<meta property=\"og:site_name\" content=\"Visit Oulu\" \/>\n<meta property=\"article:modified_time\" content=\"2024-02-06T12:38:06+00:00\" \/>\n<meta property=\"og:image\" content=\"https:\/\/visitoulufi-2025-10-14_10_27_17.test.cchosting.fi\/wp-content\/uploads\/2023\/11\/Isokangas-Oulu-1.jpg\" \/>\n\t<meta property=\"og:image:width\" content=\"2048\" \/>\n\t<meta property=\"og:image:height\" content=\"1364\" \/>\n\t<meta property=\"og:image:type\" content=\"image\/jpeg\" \/>\n<meta name=\"twitter:card\" content=\"summary_large_image\" \/>\n<meta name=\"twitter:label1\" content=\"Est. reading time\" \/>\n\t<meta name=\"twitter:data1\" content=\"1 minute\" \/>\n\t<meta name=\"twitter:label2\" content=\"Written by\" \/>\n\t<meta name=\"twitter:data2\" content=\"Martta Tervonen\" \/>\n<script type=\"application\/ld+json\" class=\"yoast-schema-graph\">{\"@context\":\"https:\/\/schema.org\",\"@graph\":[{\"@type\":\"WebPage\",\"@id\":\"https:\/\/visitoulufi-2025-10-14_10_27_17.test.cchosting.fi\/store-hanke\/\",\"url\":\"https:\/\/visitoulufi-2025-10-14_10_27_17.test.cchosting.fi\/store-hanke\/\",\"name\":\"\u00c4lyk\u00e4s ja uudistava matkailu Oulun seudulla (STORe) - Visit Oulu\",\"isPartOf\":{\"@id\":\"https:\/\/visitoulufi-2025-10-14_10_27_17.test.cchosting.fi\/#website\"},\"datePublished\":\"2024-02-06T12:33:28+00:00\",\"dateModified\":\"2024-02-06T12:38:06+00:00\",\"breadcrumb\":{\"@id\":\"https:\/\/visitoulufi-2025-10-14_10_27_17.test.cchosting.fi\/store-hanke\/#breadcrumb\"},\"inLanguage\":\"en-US\",\"potentialAction\":[{\"@type\":\"ReadAction\",\"target\":[\"https:\/\/visitoulufi-2025-10-14_10_27_17.test.cchosting.fi\/store-hanke\/\"]}]},{\"@type\":\"BreadcrumbList\",\"@id\":\"https:\/\/visitoulufi-2025-10-14_10_27_17.test.cchosting.fi\/store-hanke\/#breadcrumb\",\"itemListElement\":[{\"@type\":\"ListItem\",\"position\":1,\"name\":\"Etusivu\",\"item\":\"https:\/\/visitoulufi-2025-10-14_10_27_17.test.cchosting.fi\/\"},{\"@type\":\"ListItem\",\"position\":2,\"name\":\"\u00c4lyk\u00e4s ja uudistava matkailu Oulun seudulla (STORe)\"}]},{\"@type\":\"WebSite\",\"@id\":\"https:\/\/visitoulufi-2025-10-14_10_27_17.test.cchosting.fi\/#website\",\"url\":\"https:\/\/visitoulufi-2025-10-14_10_27_17.test.cchosting.fi\/\",\"name\":\"Visit Oulu\",\"description\":\"\",\"potentialAction\":[{\"@type\":\"SearchAction\",\"target\":{\"@type\":\"EntryPoint\",\"urlTemplate\":\"https:\/\/visitoulufi-2025-10-14_10_27_17.test.cchosting.fi\/?s={search_term_string}\"},\"query-input\":{\"@type\":\"PropertyValueSpecification\",\"valueRequired\":true,\"valueName\":\"search_term_string\"}}],\"inLanguage\":\"en-US\"}]}<\/script>\n<!-- \/ Yoast SEO plugin. -->","yoast_head_json":{"title":"Smart and Innovative Tourism in the Oulu Region (STORe) - Visit Oulu","robots":{"index":"index","follow":"follow","max-snippet":"max-snippet:-1","max-image-preview":"max-image-preview:large","max-video-preview":"max-video-preview:-1"},"canonical":"https:\/\/visitoulufi-2025-10-14_10_27_17.test.cchosting.fi\/en\/store-project\/","og_locale":"en_US","og_type":"article","og_title":"\u00c4lyk\u00e4s ja uudistava matkailu Oulun seudulla (STORe) - Visit Oulu","og_description":"\u00c4lyk\u00e4s ja uudistava matkailu Oulun seudulla (Smart and Transformative Oulu Region), STORe -ryhm\u00e4hankkeen visiona on vastata kest\u00e4v\u00e4n matkailun kehitt\u00e4misen haasteisiin ja nostaa Oulun seutu merkitt\u00e4v\u00e4ksi kansainv\u00e4liseksi kest\u00e4v\u00e4n matkailun edell\u00e4k\u00e4vij\u00e4ksi Euroopassa.&nbsp; [...]Read More... from \u00c4lyk\u00e4s ja uudistava matkailu Oulun seudulla (STORe)","og_url":"https:\/\/visitoulufi-2025-10-14_10_27_17.test.cchosting.fi\/en\/store-project\/","og_site_name":"Visit Oulu","article_modified_time":"2024-02-06T12:38:06+00:00","og_image":[{"width":2048,"height":1364,"url":"https:\/\/visitoulufi-2025-10-14_10_27_17.test.cchosting.fi\/wp-content\/uploads\/2023\/11\/Isokangas-Oulu-1.jpg","type":"image\/jpeg"}],"twitter_card":"summary_large_image","twitter_misc":{"Est. reading time":"1 minute","Written by":"Martta Tervonen"},"schema":{"@context":"https:\/\/schema.org","@graph":[{"@type":"WebPage","@id":"https:\/\/visitoulufi-2025-10-14_10_27_17.test.cchosting.fi\/store-hanke\/","url":"https:\/\/visitoulufi-2025-10-14_10_27_17.test.cchosting.fi\/store-hanke\/","name":"Smart and Innovative Tourism in the Oulu Region (STORe) - Visit Oulu","isPartOf":{"@id":"https:\/\/visitoulufi-2025-10-14_10_27_17.test.cchosting.fi\/#website"},"datePublished":"2024-02-06T12:33:28+00:00","dateModified":"2024-02-06T12:38:06+00:00","breadcrumb":{"@id":"https:\/\/visitoulufi-2025-10-14_10_27_17.test.cchosting.fi\/store-hanke\/#breadcrumb"},"inLanguage":"en-US","potentialAction":[{"@type":"ReadAction","target":["https:\/\/visitoulufi-2025-10-14_10_27_17.test.cchosting.fi\/store-hanke\/"]}]},{"@type":"BreadcrumbList","@id":"https:\/\/visitoulufi-2025-10-14_10_27_17.test.cchosting.fi\/store-hanke\/#breadcrumb","itemListElement":[{"@type":"ListItem","position":1,"name":"Etusivu","item":"https:\/\/visitoulufi-2025-10-14_10_27_17.test.cchosting.fi\/"},{"@type":"ListItem","position":2,"name":"\u00c4lyk\u00e4s ja uudistava matkailu Oulun seudulla (STORe)"}]},{"@type":"WebSite","@id":"https:\/\/visitoulufi-2025-10-14_10_27_17.test.cchosting.fi\/#website","url":"https:\/\/visitoulufi-2025-10-14_10_27_17.test.cchosting.fi\/","name":"Visit Oulu","description":"","potentialAction":[{"@type":"SearchAction","target":{"@type":"EntryPoint","urlTemplate":"https:\/\/visitoulufi-2025-10-14_10_27_17.test.cchosting.fi\/?s={search_term_string}"},"query-input":{"@type":"PropertyValueSpecification","valueRequired":true,"valueName":"search_term_string"}}],"inLanguage":"en-US"}]}},"_links":{"self":[{"href":"https:\/\/visitoulufi-2025-10-14_10_27_17.test.cchosting.fi\/en\/wp-json\/wp\/v2\/pages\/6742","targetHints":{"allow":["GET"]}}],"collection":[{"href":"https:\/\/visitoulufi-2025-10-14_10_27_17.test.cchosting.fi\/en\/wp-json\/wp\/v2\/pages"}],"about":[{"href":"https:\/\/visitoulufi-2025-10-14_10_27_17.test.cchosting.fi\/en\/wp-json\/wp\/v2\/types\/page"}],"author":[{"embeddable":true,"href":"https:\/\/visitoulufi-2025-10-14_10_27_17.test.cchosting.fi\/en\/wp-json\/wp\/v2\/users\/16"}],"replies":[{"embeddable":true,"href":"https:\/\/visitoulufi-2025-10-14_10_27_17.test.cchosting.fi\/en\/wp-json\/wp\/v2\/comments?post=6742"}],"version-history":[{"count":24,"href":"https:\/\/visitoulufi-2025-10-14_10_27_17.test.cchosting.fi\/en\/wp-json\/wp\/v2\/pages\/6742\/revisions"}],"predecessor-version":[{"id":6774,"href":"https:\/\/visitoulufi-2025-10-14_10_27_17.test.cchosting.fi\/en\/wp-json\/wp\/v2\/pages\/6742\/revisions\/6774"}],"wp:attachment":[{"href":"https:\/\/visitoulufi-2025-10-14_10_27_17.test.cchosting.fi\/en\/wp-json\/wp\/v2\/media?parent=6742"}],"wp:term":[{"taxonomy":"author","embeddable":true,"href":"https:\/\/visitoulufi-2025-10-14_10_27_17.test.cchosting.fi\/en\/wp-json\/wp\/v2\/coauthors?post=6742"}],"curies":[{"name":"wp","href":"https:\/\/api.w.org\/{rel}","templated":true}]}}